{"id":2132,"date":"2026-02-04T00:06:10","date_gmt":"2026-02-04T00:06:10","guid":{"rendered":"https:\/\/unikatbrand.com\/product\/oversized-unisex-bio-t-shirt-mit-breitem-kragen-6\/"},"modified":"2026-02-04T00:06:22","modified_gmt":"2026-02-04T00:06:22","slug":"oversized-unisex-bio-t-shirt-mit-breitem-kragen-6","status":"publish","type":"product","link":"https:\/\/unikatbrand.com\/de\/produkt\/oversized-unisex-bio-t-shirt-mit-breitem-kragen-6\/","title":{"rendered":"Oversized Unisex Bio-T-Shirt mit breitem Kragen"},"content":{"rendered":"<p>Pimp dein Outfit mit diesem oversized T-Shirt aus 100 % Bio-Baumwolle (gek\u00e4mmte Ring-Spun Baumwolle). Es ist mit gesenkten Schultern und einem weiten Kragen designt, was es perfekt f\u00fcr allt\u00e4gliche Streetwear-Looks macht.<\/p>\n<p>\u2022 100 % Bio-Baumwolle (gek\u00e4mmte Ring-Spun Baumwolle)  <br \/>\n\u2022 Stoffgewicht: 200 g\/m\u00b2 (5,9 oz.\/yd.\u00b2)  <br \/>\n\u2022 Oversized-Passform  <br \/>\n\u2022 Eingesetzte \u00c4rmel  <br \/>\n\u2022 Gesenkte Schultern  <br \/>\n\u2022 1 \u00d7 1 Rippstrick am Kragen  <br \/>\n\u2022 Innenband am hinteren Halsbereich aus demselben Stoff  <br \/>\n\u2022 Der Stoff dieses Produkts ist f\u00fcr seinen Gehalt an Bio-Baumwolle nach GOTS (Global Organic Textile Standard) und OCS (Organic Content Standard) zertifiziert<br \/>\n\u2022 Rohprodukt bezogen aus Bangladesch<\/p>\n<p>Die Gr\u00f6\u00dfen fallen f\u00fcr den europ\u00e4ischen Markt gr\u00f6\u00dfer aus \u2013 wir empfehlen, eine Nummer kleiner zu bestellen.<\/p>","protected":false},"excerpt":{"rendered":"<p>Pimp dein Outfit mit diesem oversized T-Shirt aus 100 % Bio-Baumwolle (gek\u00e4mmte Ring-Spun Baumwolle). Es ist mit gesenkten Schultern und [&hellip;]<\/p>\n","protected":false},"featured_media":2138,"comment_status":"open","ping_status":"closed","template":"","meta":{"site-sidebar-layout":"default","site-content-layout":"","ast-site-content-layout":"default","site-content-style":"default","site-sidebar-style":"default","ast-global-header-display":"","ast-banner-title-visibility":"","ast-main-header-display":"","ast-hfb-above-header-display":"","ast-hfb-below-header-display":"","ast-hfb-mobile-header-display":"","site-post-title":"","ast-breadcrumbs-content":"","ast-featured-img":"","footer-sml-layout":"","ast-disable-related-posts":"","theme-transparent-header-meta":"","adv-header-id-meta":"","stick-header-meta":"","header-above-stick-meta":"","header-main-stick-meta":"","header-below-stick-meta":"","astra-migrate-meta-layouts":"default","ast-page-background-enabled":"default","ast-page-background-meta":{"desktop":{"background-color":"var(--ast-global-color-5)","background-image":"","background-repeat":"repeat","background-position":"center center","background-size":"auto","background-attachment":"scroll","background-type":"","background-media":"","overlay-type":"","overlay-color":"","overlay-opacity":"","overlay-gradient":""},"tablet":{"background-color":"","background-image":"","background-repeat":"repeat","background-position":"center center","background-size":"auto","background-attachment":"scroll","background-type":"","background-media":"","overlay-type":"","overlay-color":"","overlay-opacity":"","overlay-gradient":""},"mobile":{"background-color":"","background-image":"","background-repeat":"repeat","background-position":"center center","background-size":"auto","background-attachment":"scroll","background-type":"","background-media":"","overlay-type":"","overlay-color":"","overlay-opacity":"","overlay-gradient":""}},"ast-content-background-meta":{"desktop":{"background-color":"var(--ast-global-color-4)","background-image":"","background-repeat":"repeat","background-position":"center center","background-size":"auto","background-attachment":"scroll","background-type":"","background-media":"","overlay-type":"","overlay-color":"","overlay-opacity":"","overlay-gradient":""},"tablet":{"background-color":"var(--ast-global-color-4)","background-image":"","background-repeat":"repeat","background-position":"center center","background-size":"auto","background-attachment":"scroll","background-type":"","background-media":"","overlay-type":"","overlay-color":"","overlay-opacity":"","overlay-gradient":""},"mobile":{"background-color":"var(--ast-global-color-4)","background-image":"","background-repeat":"repeat","background-position":"center center","background-size":"auto","background-attachment":"scroll","background-type":"","background-media":"","overlay-type":"","overlay-color":"","overlay-opacity":"","overlay-gradient":""}}},"product_brand":[],"product_cat":[82],"product_tag":[],"class_list":{"0":"post-2132","1":"product","2":"type-product","3":"status-publish","4":"has-post-thumbnail","6":"product_cat-t-shirt","7":"desktop-align-left","8":"tablet-align-left","9":"mobile-align-left","11":"first","12":"instock","13":"shipping-taxable","14":"purchasable","15":"product-type-variable"},"_links":{"self":[{"href":"https:\/\/unikatbrand.com\/de\/wp-json\/wp\/v2\/product\/2132","targetHints":{"allow":["GET"]}}],"collection":[{"href":"https:\/\/unikatbrand.com\/de\/wp-json\/wp\/v2\/product"}],"about":[{"href":"https:\/\/unikatbrand.com\/de\/wp-json\/wp\/v2\/types\/product"}],"replies":[{"embeddable":true,"href":"https:\/\/unikatbrand.com\/de\/wp-json\/wp\/v2\/comments?post=2132"}],"wp:featuredmedia":[{"embeddable":true,"href":"https:\/\/unikatbrand.com\/de\/wp-json\/wp\/v2\/media\/2138"}],"wp:attachment":[{"href":"https:\/\/unikatbrand.com\/de\/wp-json\/wp\/v2\/media?parent=2132"}],"wp:term":[{"taxonomy":"product_brand","embeddable":true,"href":"https:\/\/unikatbrand.com\/de\/wp-json\/wp\/v2\/product_brand?post=2132"},{"taxonomy":"product_cat","embeddable":true,"href":"https:\/\/unikatbrand.com\/de\/wp-json\/wp\/v2\/product_cat?post=2132"},{"taxonomy":"product_tag","embeddable":true,"href":"https:\/\/unikatbrand.com\/de\/wp-json\/wp\/v2\/product_tag?post=2132"}],"curies":[{"name":"wp","href":"https:\/\/api.w.org\/{rel}","templated":true}]}}