{"id":2050,"date":"2026-02-03T23:45:44","date_gmt":"2026-02-03T23:45:44","guid":{"rendered":"https:\/\/unikatbrand.com\/product\/klassisches-unisex-t-shirt-9\/"},"modified":"2026-02-03T23:46:04","modified_gmt":"2026-02-03T23:46:04","slug":"klassisches-unisex-t-shirt-9","status":"publish","type":"product","link":"https:\/\/unikatbrand.com\/de\/produkt\/klassisches-unisex-t-shirt-9\/","title":{"rendered":"Klassisches Unisex T-Shirt"},"content":{"rendered":"<p>Das klassische Unisex-T-Shirt aus 100 % Baumwolle sorgt f\u00fcr eine gerade Linie. Es sitzt sch\u00f6n, beh\u00e4lt klare Linien an den Kanten und passt perfekt zu mehrschichtigen Streetwear-Outfits. Au\u00dferdem ist es jetzt besonders im Trend! <\/p>\n<p>\u2022 100 % Baumwolle <br \/>\n\u2022 Sport Grey besteht zu 90 % aus Baumwolle und 10 % aus Polyester<br \/>\n\u2022 Ash Grey besteht zu 99 % aus Baumwolle, 1 % Polyester<br \/>\n\u2022 Heather-Farben bestehen aus 50 % Baumwolle und 50 % Polyester<br \/>\n\u2022 Stoffgewicht: 170-180 g\/m\u00b2 (5,0\u20135,3 oz\/yd\u00b2) <br \/>\n\u2022 Offenes Garn<br \/>\n\u2022 Schlauchgewebe<br \/>\n\u2022 Bandagierter Nacken und Schulter  <br \/>\n\u2022 Doppelnaht an \u00c4rmeln und unterem Saum  <br \/>\n\u2022 Rohprodukt aus Honduras, Nicaragua, Haiti, der Dominikanischen Republik, Bangladesch, Mexiko<\/p>\n<p>Disclaimer:<br \/>\n\u2022 Aufgrund der Stoffeigenschaften kann die Farbe White eher cremewei\u00df als strahlend wei\u00df erscheinen.  <br \/>\n\u2022 Bei der Farbe Natural sind dunkle Farbpigmente im Stoff zu erwarten.<\/p>","protected":false},"excerpt":{"rendered":"<p>Das klassische Unisex-T-Shirt aus 100 % Baumwolle sorgt f\u00fcr eine gerade Linie. Es sitzt sch\u00f6n, beh\u00e4lt klare Linien an den [&hellip;]<\/p>\n","protected":false},"featured_media":2067,"comment_status":"open","ping_status":"closed","template":"","meta":{"site-sidebar-layout":"default","site-content-layout":"","ast-site-content-layout":"default","site-content-style":"default","site-sidebar-style":"default","ast-global-header-display":"","ast-banner-title-visibility":"","ast-main-header-display":"","ast-hfb-above-header-display":"","ast-hfb-below-header-display":"","ast-hfb-mobile-header-display":"","site-post-title":"","ast-breadcrumbs-content":"","ast-featured-img":"","footer-sml-layout":"","ast-disable-related-posts":"","theme-transparent-header-meta":"","adv-header-id-meta":"","stick-header-meta":"","header-above-stick-meta":"","header-main-stick-meta":"","header-below-stick-meta":"","astra-migrate-meta-layouts":"default","ast-page-background-enabled":"default","ast-page-background-meta":{"desktop":{"background-color":"var(--ast-global-color-5)","background-image":"","background-repeat":"repeat","background-position":"center center","background-size":"auto","background-attachment":"scroll","background-type":"","background-media":"","overlay-type":"","overlay-color":"","overlay-opacity":"","overlay-gradient":""},"tablet":{"background-color":"","background-image":"","background-repeat":"repeat","background-position":"center center","background-size":"auto","background-attachment":"scroll","background-type":"","background-media":"","overlay-type":"","overlay-color":"","overlay-opacity":"","overlay-gradient":""},"mobile":{"background-color":"","background-image":"","background-repeat":"repeat","background-position":"center center","background-size":"auto","background-attachment":"scroll","background-type":"","background-media":"","overlay-type":"","overlay-color":"","overlay-opacity":"","overlay-gradient":""}},"ast-content-background-meta":{"desktop":{"background-color":"var(--ast-global-color-4)","background-image":"","background-repeat":"repeat","background-position":"center center","background-size":"auto","background-attachment":"scroll","background-type":"","background-media":"","overlay-type":"","overlay-color":"","overlay-opacity":"","overlay-gradient":""},"tablet":{"background-color":"var(--ast-global-color-4)","background-image":"","background-repeat":"repeat","background-position":"center center","background-size":"auto","background-attachment":"scroll","background-type":"","background-media":"","overlay-type":"","overlay-color":"","overlay-opacity":"","overlay-gradient":""},"mobile":{"background-color":"var(--ast-global-color-4)","background-image":"","background-repeat":"repeat","background-position":"center center","background-size":"auto","background-attachment":"scroll","background-type":"","background-media":"","overlay-type":"","overlay-color":"","overlay-opacity":"","overlay-gradient":""}}},"product_brand":[],"product_cat":[82],"product_tag":[],"class_list":{"0":"post-2050","1":"product","2":"type-product","3":"status-publish","4":"has-post-thumbnail","6":"product_cat-t-shirt","7":"desktop-align-left","8":"tablet-align-left","9":"mobile-align-left","11":"first","12":"instock","13":"shipping-taxable","14":"purchasable","15":"product-type-variable"},"_links":{"self":[{"href":"https:\/\/unikatbrand.com\/de\/wp-json\/wp\/v2\/product\/2050","targetHints":{"allow":["GET"]}}],"collection":[{"href":"https:\/\/unikatbrand.com\/de\/wp-json\/wp\/v2\/product"}],"about":[{"href":"https:\/\/unikatbrand.com\/de\/wp-json\/wp\/v2\/types\/product"}],"replies":[{"embeddable":true,"href":"https:\/\/unikatbrand.com\/de\/wp-json\/wp\/v2\/comments?post=2050"}],"wp:featuredmedia":[{"embeddable":true,"href":"https:\/\/unikatbrand.com\/de\/wp-json\/wp\/v2\/media\/2067"}],"wp:attachment":[{"href":"https:\/\/unikatbrand.com\/de\/wp-json\/wp\/v2\/media?parent=2050"}],"wp:term":[{"taxonomy":"product_brand","embeddable":true,"href":"https:\/\/unikatbrand.com\/de\/wp-json\/wp\/v2\/product_brand?post=2050"},{"taxonomy":"product_cat","embeddable":true,"href":"https:\/\/unikatbrand.com\/de\/wp-json\/wp\/v2\/product_cat?post=2050"},{"taxonomy":"product_tag","embeddable":true,"href":"https:\/\/unikatbrand.com\/de\/wp-json\/wp\/v2\/product_tag?post=2050"}],"curies":[{"name":"wp","href":"https:\/\/api.w.org\/{rel}","templated":true}]}}