{"id":1758,"date":"2026-01-30T15:57:47","date_gmt":"2026-01-30T15:57:47","guid":{"rendered":"https:\/\/unikatbrand.com\/product\/unisex-kapuzenpullover-8\/"},"modified":"2026-01-30T15:58:15","modified_gmt":"2026-01-30T15:58:15","slug":"unisex-kapuzenpullover-8","status":"publish","type":"product","link":"https:\/\/unikatbrand.com\/de\/produkt\/unisex-kapuzenpullover-8\/","title":{"rendered":"Unisex-Kapuzenpullover"},"content":{"rendered":"<p>Einen kuscheligen Kapuzenpullover braucht einfach jeder! Entscheide dich f\u00fcr diesen, denn er ist angenehm weich und stilvoll \u2013 die perfekte Wahl f\u00fcr k\u00fchlere Abende! <\/p>\n<p> \u2022 50 % vorgeschrumpfte Baumwolle, 50 % Polyester; <br \/>\n Ausf\u00fchrung Heather Sport Dark Navy: 40 % Baumwolle, 60 % Polyester <br \/>\n \u2022 Stoffgewicht: 8,0 oz\/yd\u00b2 (271,25 g\/m\u00b2) <br \/>\n \u2022 Luftd\u00fcsengarn f\u00fcr weiches Tragegef\u00fchl und reduziertes Pilling <br \/>\n \u2022 Doppelt gef\u00fctterte Kapuze mit passendem Kordelzug <br \/>\n \u2022 Viertelgedrehter Rumpf gegen Faltenbildung in der Mitte <br \/>\n \u2022 Sportliche 1&#215;1-Rippstrickb\u00fcndchen und Elastan-Bund<br \/>\n \u2022 Vordertasche <br \/>\n \u2022 Kragen, Schultern, Armausschnitte, B\u00fcndchen und Saum doppelt gen\u00e4ht <br \/>\n \u2022 Rohprodukt bezogen aus Bangladesch, Nicaragua, Honduras oder El Salvador<\/p>\n<p>Disclaimer: Aufgrund der Stoffeigenschaften kann die Farbe White eher cremewei\u00df als strahlend wei\u00df erscheinen.<\/p>","protected":false},"excerpt":{"rendered":"<p>Einen kuscheligen Kapuzenpullover braucht einfach jeder! Entscheide dich f\u00fcr diesen, denn er ist angenehm weich und stilvoll \u2013 die perfekte [&hellip;]<\/p>\n","protected":false},"featured_media":1777,"comment_status":"open","ping_status":"closed","template":"","meta":{"site-sidebar-layout":"default","site-content-layout":"","ast-site-content-layout":"default","site-content-style":"default","site-sidebar-style":"default","ast-global-header-display":"","ast-banner-title-visibility":"","ast-main-header-display":"","ast-hfb-above-header-display":"","ast-hfb-below-header-display":"","ast-hfb-mobile-header-display":"","site-post-title":"","ast-breadcrumbs-content":"","ast-featured-img":"","footer-sml-layout":"","ast-disable-related-posts":"","theme-transparent-header-meta":"","adv-header-id-meta":"","stick-header-meta":"","header-above-stick-meta":"","header-main-stick-meta":"","header-below-stick-meta":"","astra-migrate-meta-layouts":"default","ast-page-background-enabled":"default","ast-page-background-meta":{"desktop":{"background-color":"var(--ast-global-color-5)","background-image":"","background-repeat":"repeat","background-position":"center center","background-size":"auto","background-attachment":"scroll","background-type":"","background-media":"","overlay-type":"","overlay-color":"","overlay-opacity":"","overlay-gradient":""},"tablet":{"background-color":"","background-image":"","background-repeat":"repeat","background-position":"center center","background-size":"auto","background-attachment":"scroll","background-type":"","background-media":"","overlay-type":"","overlay-color":"","overlay-opacity":"","overlay-gradient":""},"mobile":{"background-color":"","background-image":"","background-repeat":"repeat","background-position":"center center","background-size":"auto","background-attachment":"scroll","background-type":"","background-media":"","overlay-type":"","overlay-color":"","overlay-opacity":"","overlay-gradient":""}},"ast-content-background-meta":{"desktop":{"background-color":"var(--ast-global-color-4)","background-image":"","background-repeat":"repeat","background-position":"center center","background-size":"auto","background-attachment":"scroll","background-type":"","background-media":"","overlay-type":"","overlay-color":"","overlay-opacity":"","overlay-gradient":""},"tablet":{"background-color":"var(--ast-global-color-4)","background-image":"","background-repeat":"repeat","background-position":"center center","background-size":"auto","background-attachment":"scroll","background-type":"","background-media":"","overlay-type":"","overlay-color":"","overlay-opacity":"","overlay-gradient":""},"mobile":{"background-color":"var(--ast-global-color-4)","background-image":"","background-repeat":"repeat","background-position":"center center","background-size":"auto","background-attachment":"scroll","background-type":"","background-media":"","overlay-type":"","overlay-color":"","overlay-opacity":"","overlay-gradient":""}}},"product_brand":[],"product_cat":[34],"product_tag":[],"class_list":{"0":"post-1758","1":"product","2":"type-product","3":"status-publish","4":"has-post-thumbnail","6":"product_cat-sweatshirt-hoodie","7":"desktop-align-left","8":"tablet-align-left","9":"mobile-align-left","11":"first","12":"instock","13":"shipping-taxable","14":"purchasable","15":"product-type-variable"},"_links":{"self":[{"href":"https:\/\/unikatbrand.com\/de\/wp-json\/wp\/v2\/product\/1758","targetHints":{"allow":["GET"]}}],"collection":[{"href":"https:\/\/unikatbrand.com\/de\/wp-json\/wp\/v2\/product"}],"about":[{"href":"https:\/\/unikatbrand.com\/de\/wp-json\/wp\/v2\/types\/product"}],"replies":[{"embeddable":true,"href":"https:\/\/unikatbrand.com\/de\/wp-json\/wp\/v2\/comments?post=1758"}],"wp:featuredmedia":[{"embeddable":true,"href":"https:\/\/unikatbrand.com\/de\/wp-json\/wp\/v2\/media\/1777"}],"wp:attachment":[{"href":"https:\/\/unikatbrand.com\/de\/wp-json\/wp\/v2\/media?parent=1758"}],"wp:term":[{"taxonomy":"product_brand","embeddable":true,"href":"https:\/\/unikatbrand.com\/de\/wp-json\/wp\/v2\/product_brand?post=1758"},{"taxonomy":"product_cat","embeddable":true,"href":"https:\/\/unikatbrand.com\/de\/wp-json\/wp\/v2\/product_cat?post=1758"},{"taxonomy":"product_tag","embeddable":true,"href":"https:\/\/unikatbrand.com\/de\/wp-json\/wp\/v2\/product_tag?post=1758"}],"curies":[{"name":"wp","href":"https:\/\/api.w.org\/{rel}","templated":true}]}}