{"id":1611,"date":"2026-01-30T12:43:54","date_gmt":"2026-01-30T12:43:54","guid":{"rendered":"https:\/\/unikatbrand.com\/product\/milchkaffeetasse\/"},"modified":"2026-01-30T12:44:01","modified_gmt":"2026-01-30T12:44:01","slug":"milchkaffeetasse","status":"publish","type":"product","link":"https:\/\/unikatbrand.com\/de\/produkt\/milchkaffeetasse\/","title":{"rendered":"Milchkaffeetasse"},"content":{"rendered":"<p>H\u00f6rst du das? Genau so klingt dein entspannter, stressfreier Morgen. Mit dieser Tasse wird dein morgendliches Kaffeeritual zum Genuss \u2013 oder sie begleitet dich gem\u00fctlich in den Abend, w\u00e4hrend du einen hei\u00dfen Tee genie\u00dft. Praktisch und pflegeleicht: Die Tasse ist sp\u00fclmaschinenfest. Au\u00dferdem ist sie mikrowellengeeignet \u2013 perfekt, um deine liebsten Tassenkuchen-Rezepte auszuprobieren!<\/p>\n<p>\u2022 100 % wei\u00dfe Keramik<br \/>\n\u2022 H\u00f6he: 10,16 cm (4\u2033)<br \/>\n\u2022 Durchmesser: 9,14 cm (3,6\u2033)<br \/>\n\u2022 Fassungsverm\u00f6gen: 12 oz<br \/>\n\u2022 Frei von BPA und Blei<br \/>\n\u2022 Sp\u00fclmaschinen- und mikrowellenfest<br \/>\n\u2022 Klassische konische Form<br \/>\n\u2022 Gl\u00e4nzende Glasur<br \/>\n\u2022 Produkt bezogen aus China, dekoriert in den USA<\/p>","protected":false},"excerpt":{"rendered":"<p>H\u00f6rst du das? Genau so klingt dein entspannter, stressfreier Morgen. Mit dieser Tasse wird dein morgendliches Kaffeeritual zum Genuss \u2013 [&hellip;]<\/p>\n","protected":false},"featured_media":1612,"comment_status":"open","ping_status":"closed","template":"","meta":{"site-sidebar-layout":"default","site-content-layout":"","ast-site-content-layout":"default","site-content-style":"default","site-sidebar-style":"default","ast-global-header-display":"","ast-banner-title-visibility":"","ast-main-header-display":"","ast-hfb-above-header-display":"","ast-hfb-below-header-display":"","ast-hfb-mobile-header-display":"","site-post-title":"","ast-breadcrumbs-content":"","ast-featured-img":"","footer-sml-layout":"","ast-disable-related-posts":"","theme-transparent-header-meta":"","adv-header-id-meta":"","stick-header-meta":"","header-above-stick-meta":"","header-main-stick-meta":"","header-below-stick-meta":"","astra-migrate-meta-layouts":"default","ast-page-background-enabled":"default","ast-page-background-meta":{"desktop":{"background-color":"var(--ast-global-color-5)","background-image":"","background-repeat":"repeat","background-position":"center center","background-size":"auto","background-attachment":"scroll","background-type":"","background-media":"","overlay-type":"","overlay-color":"","overlay-opacity":"","overlay-gradient":""},"tablet":{"background-color":"","background-image":"","background-repeat":"repeat","background-position":"center center","background-size":"auto","background-attachment":"scroll","background-type":"","background-media":"","overlay-type":"","overlay-color":"","overlay-opacity":"","overlay-gradient":""},"mobile":{"background-color":"","background-image":"","background-repeat":"repeat","background-position":"center center","background-size":"auto","background-attachment":"scroll","background-type":"","background-media":"","overlay-type":"","overlay-color":"","overlay-opacity":"","overlay-gradient":""}},"ast-content-background-meta":{"desktop":{"background-color":"var(--ast-global-color-4)","background-image":"","background-repeat":"repeat","background-position":"center center","background-size":"auto","background-attachment":"scroll","background-type":"","background-media":"","overlay-type":"","overlay-color":"","overlay-opacity":"","overlay-gradient":""},"tablet":{"background-color":"var(--ast-global-color-4)","background-image":"","background-repeat":"repeat","background-position":"center center","background-size":"auto","background-attachment":"scroll","background-type":"","background-media":"","overlay-type":"","overlay-color":"","overlay-opacity":"","overlay-gradient":""},"mobile":{"background-color":"var(--ast-global-color-4)","background-image":"","background-repeat":"repeat","background-position":"center center","background-size":"auto","background-attachment":"scroll","background-type":"","background-media":"","overlay-type":"","overlay-color":"","overlay-opacity":"","overlay-gradient":""}}},"product_brand":[],"product_cat":[35],"product_tag":[],"class_list":{"0":"post-1611","1":"product","2":"type-product","3":"status-publish","4":"has-post-thumbnail","6":"product_cat-accessories","7":"desktop-align-left","8":"tablet-align-left","9":"mobile-align-left","11":"first","12":"instock","13":"shipping-taxable","14":"purchasable","15":"product-type-simple"},"_links":{"self":[{"href":"https:\/\/unikatbrand.com\/de\/wp-json\/wp\/v2\/product\/1611","targetHints":{"allow":["GET"]}}],"collection":[{"href":"https:\/\/unikatbrand.com\/de\/wp-json\/wp\/v2\/product"}],"about":[{"href":"https:\/\/unikatbrand.com\/de\/wp-json\/wp\/v2\/types\/product"}],"replies":[{"embeddable":true,"href":"https:\/\/unikatbrand.com\/de\/wp-json\/wp\/v2\/comments?post=1611"}],"wp:featuredmedia":[{"embeddable":true,"href":"https:\/\/unikatbrand.com\/de\/wp-json\/wp\/v2\/media\/1612"}],"wp:attachment":[{"href":"https:\/\/unikatbrand.com\/de\/wp-json\/wp\/v2\/media?parent=1611"}],"wp:term":[{"taxonomy":"product_brand","embeddable":true,"href":"https:\/\/unikatbrand.com\/de\/wp-json\/wp\/v2\/product_brand?post=1611"},{"taxonomy":"product_cat","embeddable":true,"href":"https:\/\/unikatbrand.com\/de\/wp-json\/wp\/v2\/product_cat?post=1611"},{"taxonomy":"product_tag","embeddable":true,"href":"https:\/\/unikatbrand.com\/de\/wp-json\/wp\/v2\/product_tag?post=1611"}],"curies":[{"name":"wp","href":"https:\/\/api.w.org\/{rel}","templated":true}]}}