{"id":1526,"date":"2026-01-29T20:19:35","date_gmt":"2026-01-29T20:19:35","guid":{"rendered":"https:\/\/unikatbrand.com\/product\/oversized-t-shirt-mit-verwaschenem-look\/"},"modified":"2026-01-29T20:20:11","modified_gmt":"2026-01-29T20:20:11","slug":"oversized-t-shirt-mit-verwaschenem-look","status":"publish","type":"product","link":"https:\/\/unikatbrand.com\/de\/produkt\/oversized-t-shirt-mit-verwaschenem-look\/","title":{"rendered":"Oversized T-Shirt mit verwaschenem Look"},"content":{"rendered":"<p>Das Oversized T-Shirt mit verwaschenem Look ist ein vielseitiges Kleidungsst\u00fcck f\u00fcr alle, die sich gerne in mehreren Schichten kleiden und einzigartige Kreationen schaffen, um m\u00fchelos moderne Trends mit einem Hauch von Nostalgie zu vereinen. Dank der lockeren Passform kannst du mit Texturen und unterschiedlichen Gr\u00f6\u00dfenverh\u00e4ltnissen experimentieren und deine Pers\u00f6nlichkeit durch deinen Stil zum Ausdruck bringen.<\/p>\n<p>\u2022 100 % kardierte Baumwolle<br \/>\n\u2022 Stoffgewicht: 240 g\/m\u00b2 (7,1 oz. \/yd. \u00b2)<br \/>\n\u2022 Durchgef\u00e4rbter, vorgeschrumpfter Stoff<br \/>\n\u2022 Weite Oversized Passform<br \/>\n\u2022 Abgesetzte Schultern<br \/>\n\u2022 Breite Halseinfassung<br \/>\n\u2022 Abrei\u00dfbares Etikett<br \/>\n\u2022 Rohprodukt bezogen aus China<\/p>","protected":false},"excerpt":{"rendered":"<p>Das Oversized T-Shirt mit verwaschenem Look ist ein vielseitiges Kleidungsst\u00fcck f\u00fcr alle, die sich gerne in mehreren Schichten kleiden und [&hellip;]<\/p>\n","protected":false},"featured_media":1551,"comment_status":"open","ping_status":"closed","template":"","meta":{"site-sidebar-layout":"default","site-content-layout":"","ast-site-content-layout":"default","site-content-style":"default","site-sidebar-style":"default","ast-global-header-display":"","ast-banner-title-visibility":"","ast-main-header-display":"","ast-hfb-above-header-display":"","ast-hfb-below-header-display":"","ast-hfb-mobile-header-display":"","site-post-title":"","ast-breadcrumbs-content":"","ast-featured-img":"","footer-sml-layout":"","ast-disable-related-posts":"","theme-transparent-header-meta":"","adv-header-id-meta":"","stick-header-meta":"","header-above-stick-meta":"","header-main-stick-meta":"","header-below-stick-meta":"","astra-migrate-meta-layouts":"default","ast-page-background-enabled":"default","ast-page-background-meta":{"desktop":{"background-color":"var(--ast-global-color-5)","background-image":"","background-repeat":"repeat","background-position":"center center","background-size":"auto","background-attachment":"scroll","background-type":"","background-media":"","overlay-type":"","overlay-color":"","overlay-opacity":"","overlay-gradient":""},"tablet":{"background-color":"","background-image":"","background-repeat":"repeat","background-position":"center center","background-size":"auto","background-attachment":"scroll","background-type":"","background-media":"","overlay-type":"","overlay-color":"","overlay-opacity":"","overlay-gradient":""},"mobile":{"background-color":"","background-image":"","background-repeat":"repeat","background-position":"center center","background-size":"auto","background-attachment":"scroll","background-type":"","background-media":"","overlay-type":"","overlay-color":"","overlay-opacity":"","overlay-gradient":""}},"ast-content-background-meta":{"desktop":{"background-color":"var(--ast-global-color-4)","background-image":"","background-repeat":"repeat","background-position":"center center","background-size":"auto","background-attachment":"scroll","background-type":"","background-media":"","overlay-type":"","overlay-color":"","overlay-opacity":"","overlay-gradient":""},"tablet":{"background-color":"var(--ast-global-color-4)","background-image":"","background-repeat":"repeat","background-position":"center center","background-size":"auto","background-attachment":"scroll","background-type":"","background-media":"","overlay-type":"","overlay-color":"","overlay-opacity":"","overlay-gradient":""},"mobile":{"background-color":"var(--ast-global-color-4)","background-image":"","background-repeat":"repeat","background-position":"center center","background-size":"auto","background-attachment":"scroll","background-type":"","background-media":"","overlay-type":"","overlay-color":"","overlay-opacity":"","overlay-gradient":""}}},"product_brand":[],"product_cat":[82],"product_tag":[],"class_list":{"0":"post-1526","1":"product","2":"type-product","3":"status-publish","4":"has-post-thumbnail","6":"product_cat-t-shirt","7":"desktop-align-left","8":"tablet-align-left","9":"mobile-align-left","11":"first","12":"instock","13":"shipping-taxable","14":"purchasable","15":"product-type-variable"},"_links":{"self":[{"href":"https:\/\/unikatbrand.com\/de\/wp-json\/wp\/v2\/product\/1526","targetHints":{"allow":["GET"]}}],"collection":[{"href":"https:\/\/unikatbrand.com\/de\/wp-json\/wp\/v2\/product"}],"about":[{"href":"https:\/\/unikatbrand.com\/de\/wp-json\/wp\/v2\/types\/product"}],"replies":[{"embeddable":true,"href":"https:\/\/unikatbrand.com\/de\/wp-json\/wp\/v2\/comments?post=1526"}],"wp:featuredmedia":[{"embeddable":true,"href":"https:\/\/unikatbrand.com\/de\/wp-json\/wp\/v2\/media\/1551"}],"wp:attachment":[{"href":"https:\/\/unikatbrand.com\/de\/wp-json\/wp\/v2\/media?parent=1526"}],"wp:term":[{"taxonomy":"product_brand","embeddable":true,"href":"https:\/\/unikatbrand.com\/de\/wp-json\/wp\/v2\/product_brand?post=1526"},{"taxonomy":"product_cat","embeddable":true,"href":"https:\/\/unikatbrand.com\/de\/wp-json\/wp\/v2\/product_cat?post=1526"},{"taxonomy":"product_tag","embeddable":true,"href":"https:\/\/unikatbrand.com\/de\/wp-json\/wp\/v2\/product_tag?post=1526"}],"curies":[{"name":"wp","href":"https:\/\/api.w.org\/{rel}","templated":true}]}}