{"id":1403,"date":"2026-01-29T18:07:39","date_gmt":"2026-01-29T18:07:39","guid":{"rendered":"https:\/\/unikatbrand.com\/product\/unisex-premium-pullover\/"},"modified":"2026-01-29T18:07:50","modified_gmt":"2026-01-29T18:07:50","slug":"unisex-premium-pullover","status":"publish","type":"product","link":"https:\/\/unikatbrand.com\/de\/produkt\/unisex-premium-pullover\/","title":{"rendered":"Unisex-Premium-Pullover"},"content":{"rendered":"<p>Die klassische Sweatshirtform mit geripptem Rundhalsausschnitt, langen \u00c4rmelb\u00fcndchen und einem flachen Saum. Du kannst es kombinieren oder als Einzelst\u00fcck f\u00fcr einen angesagten Streetwear-Look verwenden. Die weiche Fleece-Innenseite und die bequeme Passform machen es zu deinem Lieblingspulli im Alltag!<\/p>\n<p>\u2022 Oberseite 100% Baumwolle<br \/>\n\u2022 65% Baumwolle, 35% Polyester<br \/>\n\u2022 Charcoal Heather: 55% Baumwolle, 45% Polyester<br \/>\n\u2022 Stoffgewicht: 288,2 g\/m\u00b2 (8,5 oz\/y\u00b2)<br \/>\n\u2022 Eng gestricktes 3-End-Fleece <br \/>\n\u2022 Seitlich gen\u00e4hte Ausf\u00fchrung<br \/>\n\u2022 Selbstgestrickter Aufn\u00e4her auf dem R\u00fccken<br \/>\n\u2022 Doppelt gen\u00e4hter Rippkragen, Manschetten und Saum<br \/>\n\u2022 Rohling aus Pakistan <\/p>\n<p>Haftungsausschluss: Dieses Sweatshirt ist klein geschnitten. F\u00fcr eine perfekte Passform empfehlen wir Ihnen, eine Nummer gr\u00f6\u00dfer zu bestellen als Ihre \u00fcbliche Gr\u00f6\u00dfe.<\/p>","protected":false},"excerpt":{"rendered":"<p>Die klassische Sweatshirtform mit geripptem Rundhalsausschnitt, langen \u00c4rmelb\u00fcndchen und einem flachen Saum. Du kannst es kombinieren oder als Einzelst\u00fcck f\u00fcr [&hellip;]<\/p>\n","protected":false},"featured_media":1409,"comment_status":"open","ping_status":"closed","template":"","meta":{"site-sidebar-layout":"default","site-content-layout":"","ast-site-content-layout":"default","site-content-style":"default","site-sidebar-style":"default","ast-global-header-display":"","ast-banner-title-visibility":"","ast-main-header-display":"","ast-hfb-above-header-display":"","ast-hfb-below-header-display":"","ast-hfb-mobile-header-display":"","site-post-title":"","ast-breadcrumbs-content":"","ast-featured-img":"","footer-sml-layout":"","ast-disable-related-posts":"","theme-transparent-header-meta":"","adv-header-id-meta":"","stick-header-meta":"","header-above-stick-meta":"","header-main-stick-meta":"","header-below-stick-meta":"","astra-migrate-meta-layouts":"default","ast-page-background-enabled":"default","ast-page-background-meta":{"desktop":{"background-color":"var(--ast-global-color-5)","background-image":"","background-repeat":"repeat","background-position":"center center","background-size":"auto","background-attachment":"scroll","background-type":"","background-media":"","overlay-type":"","overlay-color":"","overlay-opacity":"","overlay-gradient":""},"tablet":{"background-color":"","background-image":"","background-repeat":"repeat","background-position":"center center","background-size":"auto","background-attachment":"scroll","background-type":"","background-media":"","overlay-type":"","overlay-color":"","overlay-opacity":"","overlay-gradient":""},"mobile":{"background-color":"","background-image":"","background-repeat":"repeat","background-position":"center center","background-size":"auto","background-attachment":"scroll","background-type":"","background-media":"","overlay-type":"","overlay-color":"","overlay-opacity":"","overlay-gradient":""}},"ast-content-background-meta":{"desktop":{"background-color":"var(--ast-global-color-4)","background-image":"","background-repeat":"repeat","background-position":"center center","background-size":"auto","background-attachment":"scroll","background-type":"","background-media":"","overlay-type":"","overlay-color":"","overlay-opacity":"","overlay-gradient":""},"tablet":{"background-color":"var(--ast-global-color-4)","background-image":"","background-repeat":"repeat","background-position":"center center","background-size":"auto","background-attachment":"scroll","background-type":"","background-media":"","overlay-type":"","overlay-color":"","overlay-opacity":"","overlay-gradient":""},"mobile":{"background-color":"var(--ast-global-color-4)","background-image":"","background-repeat":"repeat","background-position":"center center","background-size":"auto","background-attachment":"scroll","background-type":"","background-media":"","overlay-type":"","overlay-color":"","overlay-opacity":"","overlay-gradient":""}}},"product_brand":[],"product_cat":[34],"product_tag":[],"class_list":{"0":"post-1403","1":"product","2":"type-product","3":"status-publish","4":"has-post-thumbnail","6":"product_cat-sweatshirt-hoodie","7":"desktop-align-left","8":"tablet-align-left","9":"mobile-align-left","11":"first","12":"instock","13":"shipping-taxable","14":"purchasable","15":"product-type-variable"},"_links":{"self":[{"href":"https:\/\/unikatbrand.com\/de\/wp-json\/wp\/v2\/product\/1403","targetHints":{"allow":["GET"]}}],"collection":[{"href":"https:\/\/unikatbrand.com\/de\/wp-json\/wp\/v2\/product"}],"about":[{"href":"https:\/\/unikatbrand.com\/de\/wp-json\/wp\/v2\/types\/product"}],"replies":[{"embeddable":true,"href":"https:\/\/unikatbrand.com\/de\/wp-json\/wp\/v2\/comments?post=1403"}],"wp:featuredmedia":[{"embeddable":true,"href":"https:\/\/unikatbrand.com\/de\/wp-json\/wp\/v2\/media\/1409"}],"wp:attachment":[{"href":"https:\/\/unikatbrand.com\/de\/wp-json\/wp\/v2\/media?parent=1403"}],"wp:term":[{"taxonomy":"product_brand","embeddable":true,"href":"https:\/\/unikatbrand.com\/de\/wp-json\/wp\/v2\/product_brand?post=1403"},{"taxonomy":"product_cat","embeddable":true,"href":"https:\/\/unikatbrand.com\/de\/wp-json\/wp\/v2\/product_cat?post=1403"},{"taxonomy":"product_tag","embeddable":true,"href":"https:\/\/unikatbrand.com\/de\/wp-json\/wp\/v2\/product_tag?post=1403"}],"curies":[{"name":"wp","href":"https:\/\/api.w.org\/{rel}","templated":true}]}}