{"id":1386,"date":"2026-01-29T17:59:13","date_gmt":"2026-01-29T17:59:13","guid":{"rendered":"https:\/\/unikatbrand.com\/product\/mittelschwerer-unisex-bio-pullover-2\/"},"modified":"2026-01-29T17:59:31","modified_gmt":"2026-01-29T17:59:31","slug":"mittelschwerer-unisex-bio-pullover-2","status":"publish","type":"product","link":"https:\/\/unikatbrand.com\/de\/produkt\/mittelschwerer-unisex-bio-pullover-2\/","title":{"rendered":"Mittelschwerer Unisex Bio-Pullover"},"content":{"rendered":"<p>\u00dcbergangswetter? Dieser Pullover aus Bio-Baumwolle ist genau das Richtige. Ideal, wenn es f\u00fcr eine Jacke zu warm, aber f\u00fcr ein T-Shirt zu k\u00fchl ist. Das dezente Halbmond-Detail im Nacken sorgt f\u00fcr einen stilvollen Akzent. Ob zu Hause, schnell zum Supermarkt oder als Layer beim Treffen mit Freunden \u2013 dieses Teil passt einfach immer. Kein Aufwand, nur Komfort.<\/p>\n<p>\u2022 80\u202f% gek\u00e4mmte, ringgesponnene Bio-Baumwolle, 20\u202f% recyceltes Polyester bei Produktion in den USA<br \/>\n\u2022 85\u202f% gek\u00e4mmte, ringgesponnene Bio-Baumwolle, 15\u202f% recyceltes Polyester bei Produktion in Europa<br \/>\n\u2022 Stoffgewicht: 281,42\u202fg\/m\u00b2 (8.3 oz.\/yd.\u00b2)<br \/>\n\u2022 Mittelschwerer Stoff<br \/>\n\u2022 Lockerer Schnitt<br \/>\n\u2022 Eingesetzte \u00c4rmel<br \/>\n\u2022 1 \u00d7 1 Rippstrick an Kragen, \u00c4rmelb\u00fcndchen und Saum<br \/>\n\u2022 Doppelte Steppn\u00e4hte an allen N\u00e4hten<br \/>\n\u2022 Nackenband aus Fischgr\u00e4tband<br \/>\n\u2022 Halbmond-Detail im Nackenbereich<br \/>\n\u2022 Der Stoff dieses Produkts ist nach GOTS (Global Organic Textile Standard) und OCS (Organic Content Standard) f\u00fcr den Bio-Baumwollanteil zertifiziert. Der enthaltene Recyclinganteil ist durch GRS (Global Recycled Standard) zertifiziert.<br \/>\n\u2022 Rohprodukt bezogen aus Bangladesch<\/p>\n<p>Die Gr\u00f6\u00dfen fallen f\u00fcr den europ\u00e4ischen Markt gr\u00f6\u00dfer aus \u2013 wir empfehlen, eine Nummer kleiner zu bestellen.<\/p>","protected":false},"excerpt":{"rendered":"<p>\u00dcbergangswetter? Dieser Pullover aus Bio-Baumwolle ist genau das Richtige. Ideal, wenn es f\u00fcr eine Jacke zu warm, aber f\u00fcr ein [&hellip;]<\/p>\n","protected":false},"featured_media":1395,"comment_status":"open","ping_status":"closed","template":"","meta":{"site-sidebar-layout":"default","site-content-layout":"","ast-site-content-layout":"default","site-content-style":"default","site-sidebar-style":"default","ast-global-header-display":"","ast-banner-title-visibility":"","ast-main-header-display":"","ast-hfb-above-header-display":"","ast-hfb-below-header-display":"","ast-hfb-mobile-header-display":"","site-post-title":"","ast-breadcrumbs-content":"","ast-featured-img":"","footer-sml-layout":"","ast-disable-related-posts":"","theme-transparent-header-meta":"","adv-header-id-meta":"","stick-header-meta":"","header-above-stick-meta":"","header-main-stick-meta":"","header-below-stick-meta":"","astra-migrate-meta-layouts":"default","ast-page-background-enabled":"default","ast-page-background-meta":{"desktop":{"background-color":"var(--ast-global-color-5)","background-image":"","background-repeat":"repeat","background-position":"center center","background-size":"auto","background-attachment":"scroll","background-type":"","background-media":"","overlay-type":"","overlay-color":"","overlay-opacity":"","overlay-gradient":""},"tablet":{"background-color":"","background-image":"","background-repeat":"repeat","background-position":"center center","background-size":"auto","background-attachment":"scroll","background-type":"","background-media":"","overlay-type":"","overlay-color":"","overlay-opacity":"","overlay-gradient":""},"mobile":{"background-color":"","background-image":"","background-repeat":"repeat","background-position":"center center","background-size":"auto","background-attachment":"scroll","background-type":"","background-media":"","overlay-type":"","overlay-color":"","overlay-opacity":"","overlay-gradient":""}},"ast-content-background-meta":{"desktop":{"background-color":"var(--ast-global-color-4)","background-image":"","background-repeat":"repeat","background-position":"center center","background-size":"auto","background-attachment":"scroll","background-type":"","background-media":"","overlay-type":"","overlay-color":"","overlay-opacity":"","overlay-gradient":""},"tablet":{"background-color":"var(--ast-global-color-4)","background-image":"","background-repeat":"repeat","background-position":"center center","background-size":"auto","background-attachment":"scroll","background-type":"","background-media":"","overlay-type":"","overlay-color":"","overlay-opacity":"","overlay-gradient":""},"mobile":{"background-color":"var(--ast-global-color-4)","background-image":"","background-repeat":"repeat","background-position":"center center","background-size":"auto","background-attachment":"scroll","background-type":"","background-media":"","overlay-type":"","overlay-color":"","overlay-opacity":"","overlay-gradient":""}}},"product_brand":[],"product_cat":[34],"product_tag":[],"class_list":{"0":"post-1386","1":"product","2":"type-product","3":"status-publish","4":"has-post-thumbnail","6":"product_cat-sweatshirt-hoodie","7":"desktop-align-left","8":"tablet-align-left","9":"mobile-align-left","11":"first","12":"instock","13":"shipping-taxable","14":"purchasable","15":"product-type-variable"},"_links":{"self":[{"href":"https:\/\/unikatbrand.com\/de\/wp-json\/wp\/v2\/product\/1386","targetHints":{"allow":["GET"]}}],"collection":[{"href":"https:\/\/unikatbrand.com\/de\/wp-json\/wp\/v2\/product"}],"about":[{"href":"https:\/\/unikatbrand.com\/de\/wp-json\/wp\/v2\/types\/product"}],"replies":[{"embeddable":true,"href":"https:\/\/unikatbrand.com\/de\/wp-json\/wp\/v2\/comments?post=1386"}],"wp:featuredmedia":[{"embeddable":true,"href":"https:\/\/unikatbrand.com\/de\/wp-json\/wp\/v2\/media\/1395"}],"wp:attachment":[{"href":"https:\/\/unikatbrand.com\/de\/wp-json\/wp\/v2\/media?parent=1386"}],"wp:term":[{"taxonomy":"product_brand","embeddable":true,"href":"https:\/\/unikatbrand.com\/de\/wp-json\/wp\/v2\/product_brand?post=1386"},{"taxonomy":"product_cat","embeddable":true,"href":"https:\/\/unikatbrand.com\/de\/wp-json\/wp\/v2\/product_cat?post=1386"},{"taxonomy":"product_tag","embeddable":true,"href":"https:\/\/unikatbrand.com\/de\/wp-json\/wp\/v2\/product_tag?post=1386"}],"curies":[{"name":"wp","href":"https:\/\/api.w.org\/{rel}","templated":true}]}}